{"id":88,"date":"2018-12-11T22:17:03","date_gmt":"2018-12-11T21:17:03","guid":{"rendered":"http:\/\/www.ladisch.eu\/zpfeb\/?page_id=88"},"modified":"2018-12-11T22:17:03","modified_gmt":"2018-12-11T21:17:03","slug":"moin","status":"publish","type":"page","link":"https:\/\/www.ladisch.eu\/zpfeb\/moin\/","title":{"rendered":"Moin"},"content":{"rendered":"<p>&nbsp;<\/p>\r\n\r\n<div class='content-column one_half'><div style=\"padding-right:20px;\"><p class=\"has-drop-cap\" style=\"text-align: justify;\">Patrick. Fotografieren ist das Erschaffen von Erinnerungen. Egal, ob\u00a0farbig, schwarz\/wei\u00df, low light oder high contrast, mittler-weile\u00a0geh\u00f6ren viele verschiedene Techniken zu meinem Repertoire. Das Fotografieren geh\u00f6rt nun schon seit fast 20 Jahren zu meinem Alltag dazu und ich nutze so viel Zeit wie m\u00f6glich f\u00fcr lost places, spontane Bilder auf einem Spaziergang, aufw\u00e4ndigere Lichtinstallationen, sch\u00f6ne Fotospots, Family Shootings, Portr\u00e4t Shootings, Reportagen, nat\u00fcrlich auch Urlaubsbildern und die ein oder andere Hochzeit.<\/p>\r\n<p style=\"text-align: justify;\">Ich habe mir die Fotografie selbst beigebracht und nutze momentan eine Nikon D4, Leica IIIc und eine Instax SQ10. F\u00fcr die Schnappsch\u00fcsse unterwegs nutze ich ein Blackberry Key2, das auch liebevoll &#8222;Opa-Handy&#8220; wegen der Tasten genannt wird.  \u00dcber die Zeit habe ich meine Vorliebe f\u00fcr analoge Bilder wieder entdeckt und freue mich, wenn ich mit der Leica durch die Stra\u00dfen ziehe und so St\u00e4dte und Orte auf eine sehr behutsame Weise neu entdecken kann.<\/p>\r\n<p style=\"text-align: justify;\">Aber auch Shootings und besondere Tage wie Familienfeiern und Hochzeiten begeistern mich. Es ist sch\u00f6n bei diesen Feiern dabei sein zu d\u00fcrfen und die Stimmung als Erinnerung aufzunehmen.<\/p>\r\n<p style=\"text-align: justify;\">Wenn ihr Interesse daran habt, etwas \u00fcber die Basics der Fotografie zu lernen oder ich euch an einem besonderen Tag begleiten darf, freue ich mich euch kennenzulernen.<\/p><\/div><\/div><div class='content-column one_half last_column'><div style=\"padding-right:0px;padding-left:20px;\"><p class=\"has-drop-cap\" style=\"text-align: justify;\">Stephanie. Ich habe vor ein paar Jahren meine Liebe zur Fotografie entdeckt und seitdem begleitet sie mich immer mehr.\r\nAngefangen hat es ganz klassisch mit Urlaubsfotos. W\u00e4hrend meines Studiums habe ich viel Zeit an verschiedenen Mikroskopen verbracht und mich so auch technisch mit der Fotografie auseinander gesetzt. Man glaubt es kaum, aber auch die heutige Mikroskopie mit ihren Aufnahmetechniken funktioniert wie eine Digitalkamera. Blende, Lichtst\u00e4rke und Verschlusszeit waren damit kein Hindernis mehr f\u00fcr mich und ich wurde zum Autodidakt.<\/p>\r\n<p style=\"text-align: justify;\">Meine erste Spiegelreflexkamera war eine Canon EOS D1000, die ich auch heute noch f\u00fcr Notf\u00e4lle habe. Mittlerweile ist eine Nikon D800 mein Lieblingswerkzeug und eine kleine Nikon D200 begleitet mich auf Fotoreportagen.<\/p>\r\n<p style=\"text-align: justify;\">Auch heute ist die Fotografie f\u00fcr mich ein sch\u00f6ner Ausgleich im Alltag und wer erinnert sich nicht gerne an Momente des Lebens. Genau das spornt mich immer wieder an: diese kostbaren Momente einzufangen. Daher kommt es nicht von ungef\u00e4hr, dass mich Hochzeiten und Paarfotos immer besonders freuen. F\u00fcr mich ist es eine gro\u00dfe Ehre Paare begleiten zu d\u00fcrfen und ihre besondere Zeit aufnehmen zu k\u00f6nnen.<\/p>\r\n<p style=\"text-align: justify;\">Ich freue mich, euch kennenzulernen und vielleicht ein gemeinsames Projekt zu beginnen.<\/p><\/div><\/div><div class='clear_column'><\/div>","protected":false},"excerpt":{"rendered":"<p>&nbsp;<\/p>\n","protected":false},"author":1,"featured_media":0,"parent":0,"menu_order":0,"comment_status":"closed","ping_status":"closed","template":"","meta":{"ngg_post_thumbnail":0},"_links":{"self":[{"href":"https:\/\/www.ladisch.eu\/zpfeb\/wp-json\/wp\/v2\/pages\/88"}],"collection":[{"href":"https:\/\/www.ladisch.eu\/zpfeb\/wp-json\/wp\/v2\/pages"}],"about":[{"href":"https:\/\/www.ladisch.eu\/zpfeb\/wp-json\/wp\/v2\/types\/page"}],"author":[{"embeddable":true,"href":"https:\/\/www.ladisch.eu\/zpfeb\/wp-json\/wp\/v2\/users\/1"}],"replies":[{"embeddable":true,"href":"https:\/\/www.ladisch.eu\/zpfeb\/wp-json\/wp\/v2\/comments?post=88"}],"version-history":[{"count":43,"href":"https:\/\/www.ladisch.eu\/zpfeb\/wp-json\/wp\/v2\/pages\/88\/revisions"}],"predecessor-version":[{"id":136,"href":"https:\/\/www.ladisch.eu\/zpfeb\/wp-json\/wp\/v2\/pages\/88\/revisions\/136"}],"wp:attachment":[{"href":"https:\/\/www.ladisch.eu\/zpfeb\/wp-json\/wp\/v2\/media?parent=88"}],"curies":[{"name":"wp","href":"https:\/\/api.w.org\/{rel}","templated":true}]}}