{"id":461,"date":"2019-12-09T12:07:13","date_gmt":"2019-12-09T11:07:13","guid":{"rendered":"https:\/\/www.ladisch.eu\/zpfeb\/?page_id=461"},"modified":"2021-02-11T14:50:22","modified_gmt":"2021-02-11T13:50:22","slug":"workshops","status":"publish","type":"page","link":"https:\/\/www.ladisch.eu\/zpfeb\/workshops\/","title":{"rendered":"Workshops"},"content":{"rendered":"<p>&nbsp;<\/p>\n<p>Unsere Workshops bieten wir aktuell im Raum Hamburg an. Sie k\u00f6nnen als Einzelplatz oder als Gruppe gebucht werden. Abh\u00e4ngig vom Thema finden die Workshops entweder im freien oder drinnen statt. Fragen oder W\u00fcnschen k\u00f6nnen gern <strong><a href=\"https:\/\/www.ladisch.eu\/zpfeb\/kontakt\/\">HIER<\/a><\/strong> an uns kommuniziert werden.<\/p>\n<p>&nbsp;<\/p>\n<blockquote><p><b>Einstieg in die digitale Fotografie<\/b> <span style=\"color: #000000;\">\u2192 115,- Euro \/ Person<\/span><br \/>\n<span style=\"color: #999999;\">Wir sprechen \u00fcber Blende, ISO und Belichtungszeit<\/span><\/p>\n<p>&nbsp;<\/p>\n<p><b>Einstieg in Adobe Lightroom<\/b> <span style=\"color: #000000;\">\u2192 99,- Euro \/ Person<\/span><br \/>\n<span style=\"color: #999999;\">Vom Import \u00fcber die Bearbeitung bis zum Export<\/span><\/p>\n<p>&nbsp;<\/p>\n<p><b>Backup und sichern von Daten<\/b> <span style=\"color: #000000;\">\u2192 55,- Euro \/ Person<\/span><br \/>\n<span style=\"color: #999999;\">Vollst\u00e4ndige Sicherung Deiner Daten inkl. Backup<\/span><\/p>\n<p>&nbsp;<\/p>\n<p><b>Ausprobieren von Equipment*<\/b> <span style=\"color: #000000;\">\u2192 150,- Euro \/ Person<\/span><br \/>\n<span style=\"color: #999999;\">Auf Anfrage kannst du unser Equipment mit uns testen<\/span><\/p>\n<p>&nbsp;<\/p><\/blockquote>\n<p>&nbsp;<\/p>\n<h6>&nbsp;<\/h6>\n<h6>&nbsp;<\/h6>\n<h6>&nbsp;<\/h6>\n<h6>&nbsp;<\/h6>\n<h6>&nbsp;<br \/>\n&nbsp;<br \/>\n<span style=\"color: #999999;\">* Ein Gro\u00dfteil unseres Equipment kannst du im Rahmen eines <\/span><span style=\"color: #999999;\">Workshops auf Herz und Nieren pr\u00fcfen und somit entscheiden, <\/span><span style=\"color: #999999;\">ob ein Kauf f\u00fcr Dich evtl. in Frage kommt. Sprich uns dazu einfach an <a href=\"https:\/\/www.ladisch.eu\/zpfeb\/kontakt\/\">Kontaktformular<\/a><\/span><\/h6>\n","protected":false},"excerpt":{"rendered":"<p>&nbsp; Unsere Workshops bieten wir aktuell im Raum Hamburg an. Sie k\u00f6nnen als Einzelplatz oder als Gruppe gebucht werden. Abh\u00e4ngig vom Thema finden die Workshops entweder im freien oder drinnen statt. Fragen oder W\u00fcnschen k\u00f6nnen gern HIER an uns kommuniziert werden. &nbsp; Einstieg in die digitale Fotografie \u2192 115,- Euro \/ Person Wir sprechen \u00fcber [&hellip;]<\/p>\n","protected":false},"author":1,"featured_media":0,"parent":0,"menu_order":0,"comment_status":"closed","ping_status":"closed","template":"","meta":{"ngg_post_thumbnail":0},"_links":{"self":[{"href":"https:\/\/www.ladisch.eu\/zpfeb\/wp-json\/wp\/v2\/pages\/461"}],"collection":[{"href":"https:\/\/www.ladisch.eu\/zpfeb\/wp-json\/wp\/v2\/pages"}],"about":[{"href":"https:\/\/www.ladisch.eu\/zpfeb\/wp-json\/wp\/v2\/types\/page"}],"author":[{"embeddable":true,"href":"https:\/\/www.ladisch.eu\/zpfeb\/wp-json\/wp\/v2\/users\/1"}],"replies":[{"embeddable":true,"href":"https:\/\/www.ladisch.eu\/zpfeb\/wp-json\/wp\/v2\/comments?post=461"}],"version-history":[{"count":9,"href":"https:\/\/www.ladisch.eu\/zpfeb\/wp-json\/wp\/v2\/pages\/461\/revisions"}],"predecessor-version":[{"id":1175,"href":"https:\/\/www.ladisch.eu\/zpfeb\/wp-json\/wp\/v2\/pages\/461\/revisions\/1175"}],"wp:attachment":[{"href":"https:\/\/www.ladisch.eu\/zpfeb\/wp-json\/wp\/v2\/media?parent=461"}],"curies":[{"name":"wp","href":"https:\/\/api.w.org\/{rel}","templated":true}]}}