{"id":14,"date":"2018-10-01T15:14:13","date_gmt":"2018-10-01T13:14:13","guid":{"rendered":"http:\/\/www.ladisch.eu\/zpfeb\/?page_id=14"},"modified":"2021-02-11T14:49:48","modified_gmt":"2021-02-11T13:49:48","slug":"leistungen","status":"publish","type":"page","link":"https:\/\/www.ladisch.eu\/zpfeb\/leistungen\/","title":{"rendered":"Leistungen"},"content":{"rendered":"<p>&nbsp;<\/p>\n<p style=\"text-align: justify;\"><em>Gemeinsam ist man einfach st\u00e4rker.<\/em> Deshalb decken wir zusammen ein breites Feld an Leistungen ab. Eine kleine \u00dcbersicht bekommt Ihr unten. Wer mehr \u00fcber uns oder unsere Arbeit wissen m\u00f6chte oder eine allgemeine Frage hat, benutzt am besten ganz einfach unser <a href=\"http:\/\/www.ladisch.eu\/zpfeb\/kontakt\/\">Kontaktformular<\/a>.<\/p>\n<ul>\n<li>Hochzeiten<\/li>\n<li>Verlobungen<\/li>\n<li>Familienshootings<\/li>\n<li>Portraitshootings<\/li>\n<li>Kidsshootings<\/li>\n<li>Travel- \/ Dokushootings<\/li>\n<li>Produktshootings<\/li>\n<li><span style=\"color: #ffb700;\">360\u00b0 Fotografie<\/span> &#8211; <a href=\"https:\/\/www.ladisch.eu\/ladisch-photo\/demo\/\" target=\"_blank\" rel=\"noopener noreferrer\"><strong>D E M O<\/strong><\/a><\/li>\n<\/ul>\n","protected":false},"excerpt":{"rendered":"<p>&nbsp; Gemeinsam ist man einfach st\u00e4rker. Deshalb decken wir zusammen ein breites Feld an Leistungen ab. Eine kleine \u00dcbersicht bekommt Ihr unten. Wer mehr \u00fcber uns oder unsere Arbeit wissen m\u00f6chte oder eine allgemeine Frage hat, benutzt am besten ganz einfach unser Kontaktformular. Hochzeiten Verlobungen Familienshootings Portraitshootings Kidsshootings Travel- \/ Dokushootings Produktshootings 360\u00b0 Fotografie &#8211; [&hellip;]<\/p>\n","protected":false},"author":1,"featured_media":0,"parent":0,"menu_order":0,"comment_status":"closed","ping_status":"closed","template":"","meta":{"ngg_post_thumbnail":0},"_links":{"self":[{"href":"https:\/\/www.ladisch.eu\/zpfeb\/wp-json\/wp\/v2\/pages\/14"}],"collection":[{"href":"https:\/\/www.ladisch.eu\/zpfeb\/wp-json\/wp\/v2\/pages"}],"about":[{"href":"https:\/\/www.ladisch.eu\/zpfeb\/wp-json\/wp\/v2\/types\/page"}],"author":[{"embeddable":true,"href":"https:\/\/www.ladisch.eu\/zpfeb\/wp-json\/wp\/v2\/users\/1"}],"replies":[{"embeddable":true,"href":"https:\/\/www.ladisch.eu\/zpfeb\/wp-json\/wp\/v2\/comments?post=14"}],"version-history":[{"count":9,"href":"https:\/\/www.ladisch.eu\/zpfeb\/wp-json\/wp\/v2\/pages\/14\/revisions"}],"predecessor-version":[{"id":1174,"href":"https:\/\/www.ladisch.eu\/zpfeb\/wp-json\/wp\/v2\/pages\/14\/revisions\/1174"}],"wp:attachment":[{"href":"https:\/\/www.ladisch.eu\/zpfeb\/wp-json\/wp\/v2\/media?parent=14"}],"curies":[{"name":"wp","href":"https:\/\/api.w.org\/{rel}","templated":true}]}}